{"id":3,"date":"2025-07-17T03:52:12","date_gmt":"2025-07-17T01:52:12","guid":{"rendered":"https:\/\/latinostreaming.com\/?page_id=3"},"modified":"2025-07-17T21:11:32","modified_gmt":"2025-07-17T19:11:32","slug":"politica-privacidad","status":"publish","type":"page","link":"https:\/\/latinostreaming.com\/index.php\/politica-privacidad\/","title":{"rendered":"Pol\u00edtica de privacidad"},"content":{"rendered":"\n<h2 class=\"wp-block-heading\">T\u00e9rminos y Condiciones de Latino Streaming<\/h2>\n\n\n\n<p>1. INFORMACI\u00d3N GENERAL<\/p>\n\n\n\n<p>Este sitio web es operado por Latino Streaming. En todo el sitio, los t\u00e9rminos \u00abnosotros\u00bb, \u00abnos\u00bb y \u00abnuestro\u00bb se refieren a Latino Streaming.<\/p>\n\n\n\n<p>Sitio web: latinostreaming.com<\/p>\n\n\n\n<p>Email de contacto: latinostreaming@gmail.com<\/p>\n\n\n\n<p>Direcci\u00f3n: Managua, Nicaragua<\/p>\n\n\n\n<p>2. PRODUCTOS Y SERVICIOS<\/p>\n\n\n\n<p>Nos esforzamos por mostrar con la mayor precisi\u00f3n los colores y las im\u00e1genes de nuestros productos que aparecen en la tienda. No podemos garantizar que la visualizaci\u00f3n de cualquier color en su monitor sea exacta.<\/p>\n\n\n\n<p>3. PRECIOS Y PAGOS<\/p>\n\n\n\n<p>Todos los precios est\u00e1n sujetos a cambios sin previo aviso.<\/p>\n\n\n\n<p>4. ENV\u00cdOS DE ACCESOS<\/p>\n\n\n\n<p>Todo esto lo trabajamos via WhatsApp<\/p>\n\n\n\n<p>5.1 PROCEDIMIENTO DE DEVOLUCI\u00d3N<\/p>\n\n\n\n<p>1. Devoluci\u00f3n del dinero (solo aplica para casos de garant\u00eda y ley de retracto):<\/p>\n\n\n\n<p>6. PRIVACIDAD Y PROTECCI\u00d3N DE DATOS<\/p>\n\n\n\n<p>Nos comprometemos a proteger su privacidad. La informaci\u00f3n personal que nos proporcione se utilizar\u00e1 \u00fanicamente para procesar su pedido y mejorar su experiencia de compra.<\/p>\n\n\n\n<p>7. MODIFICACIONES DE LOS T\u00c9RMINOS<\/p>\n\n\n\n<p>Nos reservamos el derecho de modificar estos t\u00e9rminos en cualquier momento. Los cambios entrar\u00e1n en vigor inmediatamente despu\u00e9s de su publicaci\u00f3n en el sitio web.<\/p>\n\n\n\n<p>\u00daltima actualizaci\u00f3n: 17\/7\/2025<\/p>\n","protected":false},"excerpt":{"rendered":"<p>T\u00e9rminos y Condiciones de Latino Streaming 1. INFORMACI\u00d3N GENERAL Este sitio web es operado por Latino Streaming. En todo el sitio, los t\u00e9rminos \u00abnosotros\u00bb, \u00abnos\u00bb y \u00abnuestro\u00bb se refieren a Latino Streaming. Sitio web: latinostreaming.com Email de contacto: latinostreaming@gmail.com Direcci\u00f3n: Managua, Nicaragua 2. PRODUCTOS Y SERVICIOS Nos esforzamos por mostrar con la mayor precisi\u00f3n los [&hellip;]<\/p>\n","protected":false},"author":1,"featured_media":0,"parent":0,"menu_order":0,"comment_status":"closed","ping_status":"open","template":"","meta":{"footnotes":""},"class_list":["post-3","page","type-page","status-publish","hentry"],"blocksy_meta":[],"jetpack_sharing_enabled":true,"_links":{"self":[{"href":"https:\/\/latinostreaming.com\/index.php\/wp-json\/wp\/v2\/pages\/3","targetHints":{"allow":["GET"]}}],"collection":[{"href":"https:\/\/latinostreaming.com\/index.php\/wp-json\/wp\/v2\/pages"}],"about":[{"href":"https:\/\/latinostreaming.com\/index.php\/wp-json\/wp\/v2\/types\/page"}],"author":[{"embeddable":true,"href":"https:\/\/latinostreaming.com\/index.php\/wp-json\/wp\/v2\/users\/1"}],"replies":[{"embeddable":true,"href":"https:\/\/latinostreaming.com\/index.php\/wp-json\/wp\/v2\/comments?post=3"}],"version-history":[{"count":1,"href":"https:\/\/latinostreaming.com\/index.php\/wp-json\/wp\/v2\/pages\/3\/revisions"}],"predecessor-version":[{"id":840,"href":"https:\/\/latinostreaming.com\/index.php\/wp-json\/wp\/v2\/pages\/3\/revisions\/840"}],"wp:attachment":[{"href":"https:\/\/latinostreaming.com\/index.php\/wp-json\/wp\/v2\/media?parent=3"}],"curies":[{"name":"wp","href":"https:\/\/api.w.org\/{rel}","templated":true}]}}